{"id":3112,"date":"2024-08-21T20:12:51","date_gmt":"2024-08-21T19:12:51","guid":{"rendered":"https:\/\/astrophotos.se\/?page_id=3112"},"modified":"2024-09-09T12:47:50","modified_gmt":"2024-09-09T11:47:50","slug":"allsky-camera","status":"publish","type":"page","link":"https:\/\/astrophotos.se\/?page_id=3112","title":{"rendered":"Allsky Camera"},"content":{"rendered":"\n<figure class=\"wp-block-image size-full\"><a href=\"https:\/\/astrophotos.se\/wp-content\/uploads\/2024\/08\/1-Allsky_camera_internal_diagram.jpg\"><img decoding=\"async\" src=\"https:\/\/astrophotos.se\/wp-content\/uploads\/2024\/08\/1-Allsky_camera_internal_diagram.jpg\" alt=\"\" class=\"wp-image-3110\"\/><\/a><figcaption class=\"wp-element-caption\">Allsky camera internal diagram<\/figcaption><\/figure>\n\n\n\n<h2 class=\"wp-block-heading\">Hardware:<\/h2>\n\n\n\n<p>1. <a href=\"https:\/\/www.amazon.se\/Raspberry-Pi-4595-Modell-GB\/dp\/B09TTNF8BT\">Raspberry Pi 4 Modell B (4 GB)<\/a><br>https:\/\/www.amazon.se\/Raspberry-Pi-4595-Modell-GB\/dp\/B09TTNF8BT<br>740 SEK<\/p>\n\n\n\n<p>2. <a href=\"https:\/\/raspberrypi.dk\/en\/product\/flirc-raspberry-pi-4-case\/?currency=SEK\">Flirc Raspberry Pi 4 Case<\/a><br>https:\/\/raspberrypi.dk\/en\/product\/flirc-raspberry-pi-4-case\/?currency=SEK<br>260 SEK<\/p>\n\n\n\n<p>3. <a href=\"https:\/\/www.electrokit.com\/raspberry-pi-kameramodul-hq-12mp-m12-faste\">Raspberry Pi Kameramodul HQ 12MP M12-f\u00e4ste<\/a><br>https:\/\/www.electrokit.com\/raspberry-pi-kameramodul-hq-12mp-m12-faste<br>700 SEK<\/p>\n\n\n\n<p>4. <a href=\"https:\/\/www.amazon.se\/dp\/B0BS963RY1\">Waveshare M12 High Resolution Lens, Compatible with Raspberry Pi High Quality Camera M12\uff0c14MP, 184.6\u00b0 Ultra wide angle, 2.72mm Focal Length<\/a><br>https:\/\/www.amazon.se\/dp\/B0BS963RY1<br>255 SEK<\/p>\n\n\n\n<p>5. <a href=\"https:\/\/www.amazon.se\/KKSB-SBC-kamerafodral-graders-rotationsh\u00e5llare\/dp\/B0CTN1HCFY\">KKSB SBC kamerafodral med 360 graders rotationsh\u00e5llare \u2013 kompatibel med Raspberry Pi HQ kamera<\/a><br>https:\/\/www.amazon.se\/KKSB-SBC-kamerafodral-graders-rotationsh\u00e5llare\/dp\/B0CTN1HCFY<br>225 SEK<\/p>\n\n\n\n<p>6. <a href=\"https:\/\/www.amazon.se\/dp\/B0BM32Z5GS\">TECKEEN 10\/100\/1000 Mbps data\u00f6verf\u00f6ringshastighet aktiv PoE-splitter f\u00f6r Raspberry Pi 4 4B<\/a><br>https:\/\/www.amazon.se\/dp\/B0BM32Z5GS<br>245 SEK<\/p>\n\n\n\n<p>7. <a href=\"https:\/\/www.amazon.se\/dp\/B0CJW7JSDK\">Plastprojektl\u00e5da IP67 Vattent\u00e4t Eldosa<\/a><br>https:\/\/www.amazon.se\/dp\/B0CJW7JSDK<br>250 SEK<\/p>\n\n\n\n<p>8. <a href=\"https:\/\/www.amazon.se\/dp\/B0D2DGZV2D\">80 mm kamerakupol<\/a><br>https:\/\/www.amazon.se\/dp\/B0D2DGZV2D<br>100 SEK<\/p>\n\n\n\n<p>9. <a href=\"https:\/\/www.amazon.se\/dp\/B08X7VH6HF\">CASCO &#8211; Antim\u00f6gelbehandlad silikonfog &#8211; F\u00f6r inom- och utomhusbruk &#8211; Milj\u00f6v\u00e4nlig &#8211; 40 ml<\/a><br>https:\/\/www.amazon.se\/dp\/B08X7VH6HF<br>55 SEK<\/p>\n\n\n\n<p>10. <a href=\"https:\/\/www.amazon.se\/dp\/B08LGKQKZZ\">25 stycken kabelskruvar, bolatus justerbar, 3\u201315 mm, IP68, vattent\u00e4t<\/a><br>https:\/\/www.amazon.se\/dp\/B08LGKQKZZ<br>130 SEK<\/p>\n\n\n\n<p>Sum: 2960 SEK<\/p>\n\n\n\n<h2 class=\"wp-block-heading\">Software:<\/h2>\n\n\n\n<p><a href=\"https:\/\/github.com\/AllskyTeam\/allsky\">Allsky<\/a><br>https:\/\/github.com\/AllskyTeam\/allsky<br><\/p>\n\n\n\n<figure class=\"wp-block-image size-full\"><img decoding=\"async\" src=\"https:\/\/astrophotos.se\/wp-content\/uploads\/2024\/08\/2-Allsky_camera_external.jpg\" alt=\"\" class=\"wp-image-3106\"\/><figcaption class=\"wp-element-caption\">Allsky camera external view<\/figcaption><\/figure>\n\n\n\n<p><\/p>\n\n\n\n<figure class=\"wp-block-image size-full\"><img decoding=\"async\" src=\"https:\/\/astrophotos.se\/wp-content\/uploads\/2024\/08\/3-Allsky_camera_installed.jpg\" alt=\"\" class=\"wp-image-3107\"\/><figcaption class=\"wp-element-caption\">Allsky camera installed<\/figcaption><\/figure>\n\n\n\n<p><\/p>\n\n\n\n<p>Movie of aurora (and some Perseids) captured with the camera on 2024-08-12:<\/p>\n\n\n\n<figure class=\"wp-block-video\"><video controls src=\"https:\/\/astrophotos.se\/allsky\/Aurora_20240812_13.mp4\"><\/video><\/figure>\n\n\n\n<p>Latest image from the camera:<\/p>\n\n\n\n<figure class=\"wp-block-image size-large\"><a href=\"https:\/\/astrophotos.se\/allsky\/images\/image.jpg\"><img decoding=\"async\" src=\"https:\/\/astrophotos.se\/allsky\/images\/image.jpg\" alt=\"\"\/><\/a><\/figure>\n","protected":false},"excerpt":{"rendered":"<p>Hardware: 1. Raspberry Pi 4 Modell B (4 GB)https:\/\/www.amazon.se\/Raspberry-Pi-4595-Modell-GB\/dp\/B09TTNF8BT740 SEK 2. Flirc Raspberry Pi 4 Casehttps:\/\/raspberrypi.dk\/en\/product\/flirc-raspberry-pi-4-case\/?currency=SEK260 SEK 3. Raspberry Pi Kameramodul HQ 12MP M12-f\u00e4stehttps:\/\/www.electrokit.com\/raspberry-pi-kameramodul-hq-12mp-m12-faste700 SEK 4. Waveshare M12 High Resolution Lens, Compatible with Raspberry Pi High Quality Camera M12\uff0c14MP, 184.6\u00b0 Ultra wide angle, 2.72mm Focal &hellip; <a href=\"https:\/\/astrophotos.se\/?page_id=3112\" class=\"more-link\"><span>Continue reading<span class=\"screen-reader-text\">Allsky Camera<\/span><\/span><\/a><\/p>\n","protected":false},"author":1,"featured_media":0,"parent":581,"menu_order":100,"comment_status":"closed","ping_status":"closed","template":"","meta":{"_monsterinsights_skip_tracking":false,"_monsterinsights_sitenote_active":false,"_monsterinsights_sitenote_note":"","_monsterinsights_sitenote_category":0,"footnotes":""},"class_list":["post-3112","page","type-page","status-publish","hentry"],"yoast_head":"<!-- This site is optimized with the Yoast SEO plugin v25.7 - https:\/\/yoast.com\/wordpress\/plugins\/seo\/ -->\n<title>Allsky Camera - astrophotos.se<\/title>\n<meta name=\"robots\" content=\"index, follow, max-snippet:-1, max-image-preview:large, max-video-preview:-1\" \/>\n<link rel=\"canonical\" href=\"https:\/\/astrophotos.se\/?page_id=3112\" \/>\n<meta property=\"og:locale\" content=\"en_US\" \/>\n<meta property=\"og:type\" content=\"article\" \/>\n<meta property=\"og:title\" content=\"Allsky Camera - astrophotos.se\" \/>\n<meta property=\"og:description\" content=\"Hardware: 1. Raspberry Pi 4 Modell B (4 GB)https:\/\/www.amazon.se\/Raspberry-Pi-4595-Modell-GB\/dp\/B09TTNF8BT740 SEK 2. Flirc Raspberry Pi 4 Casehttps:\/\/raspberrypi.dk\/en\/product\/flirc-raspberry-pi-4-case\/?currency=SEK260 SEK 3. Raspberry Pi Kameramodul HQ 12MP M12-f\u00e4stehttps:\/\/www.electrokit.com\/raspberry-pi-kameramodul-hq-12mp-m12-faste700 SEK 4. Waveshare M12 High Resolution Lens, Compatible with Raspberry Pi High Quality Camera M12\uff0c14MP, 184.6\u00b0 Ultra wide angle, 2.72mm Focal &hellip; Continue readingAllsky Camera\" \/>\n<meta property=\"og:url\" content=\"https:\/\/astrophotos.se\/?page_id=3112\" \/>\n<meta property=\"og:site_name\" content=\"astrophotos.se\" \/>\n<meta property=\"article:modified_time\" content=\"2024-09-09T11:47:50+00:00\" \/>\n<meta property=\"og:image\" content=\"https:\/\/astrophotos.se\/wp-content\/uploads\/2024\/08\/1-Allsky_camera_internal_diagram.jpg\" \/>\n<meta name=\"twitter:card\" content=\"summary_large_image\" \/>\n<meta name=\"twitter:label1\" content=\"Est. reading time\" \/>\n\t<meta name=\"twitter:data1\" content=\"2 minutes\" \/>\n<script type=\"application\/ld+json\" class=\"yoast-schema-graph\">{\"@context\":\"https:\/\/schema.org\",\"@graph\":[{\"@type\":\"WebPage\",\"@id\":\"https:\/\/astrophotos.se\/?page_id=3112\",\"url\":\"https:\/\/astrophotos.se\/?page_id=3112\",\"name\":\"Allsky Camera - astrophotos.se\",\"isPartOf\":{\"@id\":\"https:\/\/astrophotos.se\/#website\"},\"primaryImageOfPage\":{\"@id\":\"https:\/\/astrophotos.se\/?page_id=3112#primaryimage\"},\"image\":{\"@id\":\"https:\/\/astrophotos.se\/?page_id=3112#primaryimage\"},\"thumbnailUrl\":\"https:\/\/astrophotos.se\/wp-content\/uploads\/2024\/08\/1-Allsky_camera_internal_diagram.jpg\",\"datePublished\":\"2024-08-21T19:12:51+00:00\",\"dateModified\":\"2024-09-09T11:47:50+00:00\",\"breadcrumb\":{\"@id\":\"https:\/\/astrophotos.se\/?page_id=3112#breadcrumb\"},\"inLanguage\":\"en-US\",\"potentialAction\":[{\"@type\":\"ReadAction\",\"target\":[\"https:\/\/astrophotos.se\/?page_id=3112\"]}]},{\"@type\":\"ImageObject\",\"inLanguage\":\"en-US\",\"@id\":\"https:\/\/astrophotos.se\/?page_id=3112#primaryimage\",\"url\":\"https:\/\/astrophotos.se\/wp-content\/uploads\/2024\/08\/1-Allsky_camera_internal_diagram-scaled.jpg\",\"contentUrl\":\"https:\/\/astrophotos.se\/wp-content\/uploads\/2024\/08\/1-Allsky_camera_internal_diagram-scaled.jpg\",\"width\":2560,\"height\":1915,\"caption\":\"Allsky camera internal diagram\"},{\"@type\":\"BreadcrumbList\",\"@id\":\"https:\/\/astrophotos.se\/?page_id=3112#breadcrumb\",\"itemListElement\":[{\"@type\":\"ListItem\",\"position\":1,\"name\":\"Home\",\"item\":\"https:\/\/astrophotos.se\/\"},{\"@type\":\"ListItem\",\"position\":2,\"name\":\"PROJECTS\",\"item\":\"https:\/\/astrophotos.se\/?page_id=581\"},{\"@type\":\"ListItem\",\"position\":3,\"name\":\"Allsky Camera\"}]},{\"@type\":\"WebSite\",\"@id\":\"https:\/\/astrophotos.se\/#website\",\"url\":\"https:\/\/astrophotos.se\/\",\"name\":\"astrophotos.se\",\"description\":\"Peter Folkesson&#039;s astrophotos\",\"potentialAction\":[{\"@type\":\"SearchAction\",\"target\":{\"@type\":\"EntryPoint\",\"urlTemplate\":\"https:\/\/astrophotos.se\/?s={search_term_string}\"},\"query-input\":{\"@type\":\"PropertyValueSpecification\",\"valueRequired\":true,\"valueName\":\"search_term_string\"}}],\"inLanguage\":\"en-US\"}]}<\/script>\n<!-- \/ Yoast SEO plugin. -->","yoast_head_json":{"title":"Allsky Camera - astrophotos.se","robots":{"index":"index","follow":"follow","max-snippet":"max-snippet:-1","max-image-preview":"max-image-preview:large","max-video-preview":"max-video-preview:-1"},"canonical":"https:\/\/astrophotos.se\/?page_id=3112","og_locale":"en_US","og_type":"article","og_title":"Allsky Camera - astrophotos.se","og_description":"Hardware: 1. Raspberry Pi 4 Modell B (4 GB)https:\/\/www.amazon.se\/Raspberry-Pi-4595-Modell-GB\/dp\/B09TTNF8BT740 SEK 2. Flirc Raspberry Pi 4 Casehttps:\/\/raspberrypi.dk\/en\/product\/flirc-raspberry-pi-4-case\/?currency=SEK260 SEK 3. Raspberry Pi Kameramodul HQ 12MP M12-f\u00e4stehttps:\/\/www.electrokit.com\/raspberry-pi-kameramodul-hq-12mp-m12-faste700 SEK 4. Waveshare M12 High Resolution Lens, Compatible with Raspberry Pi High Quality Camera M12\uff0c14MP, 184.6\u00b0 Ultra wide angle, 2.72mm Focal &hellip; Continue readingAllsky Camera","og_url":"https:\/\/astrophotos.se\/?page_id=3112","og_site_name":"astrophotos.se","article_modified_time":"2024-09-09T11:47:50+00:00","og_image":[{"url":"https:\/\/astrophotos.se\/wp-content\/uploads\/2024\/08\/1-Allsky_camera_internal_diagram.jpg","type":"","width":"","height":""}],"twitter_card":"summary_large_image","twitter_misc":{"Est. reading time":"2 minutes"},"schema":{"@context":"https:\/\/schema.org","@graph":[{"@type":"WebPage","@id":"https:\/\/astrophotos.se\/?page_id=3112","url":"https:\/\/astrophotos.se\/?page_id=3112","name":"Allsky Camera - astrophotos.se","isPartOf":{"@id":"https:\/\/astrophotos.se\/#website"},"primaryImageOfPage":{"@id":"https:\/\/astrophotos.se\/?page_id=3112#primaryimage"},"image":{"@id":"https:\/\/astrophotos.se\/?page_id=3112#primaryimage"},"thumbnailUrl":"https:\/\/astrophotos.se\/wp-content\/uploads\/2024\/08\/1-Allsky_camera_internal_diagram.jpg","datePublished":"2024-08-21T19:12:51+00:00","dateModified":"2024-09-09T11:47:50+00:00","breadcrumb":{"@id":"https:\/\/astrophotos.se\/?page_id=3112#breadcrumb"},"inLanguage":"en-US","potentialAction":[{"@type":"ReadAction","target":["https:\/\/astrophotos.se\/?page_id=3112"]}]},{"@type":"ImageObject","inLanguage":"en-US","@id":"https:\/\/astrophotos.se\/?page_id=3112#primaryimage","url":"https:\/\/astrophotos.se\/wp-content\/uploads\/2024\/08\/1-Allsky_camera_internal_diagram-scaled.jpg","contentUrl":"https:\/\/astrophotos.se\/wp-content\/uploads\/2024\/08\/1-Allsky_camera_internal_diagram-scaled.jpg","width":2560,"height":1915,"caption":"Allsky camera internal diagram"},{"@type":"BreadcrumbList","@id":"https:\/\/astrophotos.se\/?page_id=3112#breadcrumb","itemListElement":[{"@type":"ListItem","position":1,"name":"Home","item":"https:\/\/astrophotos.se\/"},{"@type":"ListItem","position":2,"name":"PROJECTS","item":"https:\/\/astrophotos.se\/?page_id=581"},{"@type":"ListItem","position":3,"name":"Allsky Camera"}]},{"@type":"WebSite","@id":"https:\/\/astrophotos.se\/#website","url":"https:\/\/astrophotos.se\/","name":"astrophotos.se","description":"Peter Folkesson&#039;s astrophotos","potentialAction":[{"@type":"SearchAction","target":{"@type":"EntryPoint","urlTemplate":"https:\/\/astrophotos.se\/?s={search_term_string}"},"query-input":{"@type":"PropertyValueSpecification","valueRequired":true,"valueName":"search_term_string"}}],"inLanguage":"en-US"}]}},"_links":{"self":[{"href":"https:\/\/astrophotos.se\/index.php?rest_route=\/wp\/v2\/pages\/3112","targetHints":{"allow":["GET"]}}],"collection":[{"href":"https:\/\/astrophotos.se\/index.php?rest_route=\/wp\/v2\/pages"}],"about":[{"href":"https:\/\/astrophotos.se\/index.php?rest_route=\/wp\/v2\/types\/page"}],"author":[{"embeddable":true,"href":"https:\/\/astrophotos.se\/index.php?rest_route=\/wp\/v2\/users\/1"}],"replies":[{"embeddable":true,"href":"https:\/\/astrophotos.se\/index.php?rest_route=%2Fwp%2Fv2%2Fcomments&post=3112"}],"version-history":[{"count":18,"href":"https:\/\/astrophotos.se\/index.php?rest_route=\/wp\/v2\/pages\/3112\/revisions"}],"predecessor-version":[{"id":3144,"href":"https:\/\/astrophotos.se\/index.php?rest_route=\/wp\/v2\/pages\/3112\/revisions\/3144"}],"up":[{"embeddable":true,"href":"https:\/\/astrophotos.se\/index.php?rest_route=\/wp\/v2\/pages\/581"}],"wp:attachment":[{"href":"https:\/\/astrophotos.se\/index.php?rest_route=%2Fwp%2Fv2%2Fmedia&parent=3112"}],"curies":[{"name":"wp","href":"https:\/\/api.w.org\/{rel}","templated":true}]}}